{"id":1224,"date":"2019-01-03T10:49:07","date_gmt":"2019-01-03T09:49:07","guid":{"rendered":"https:\/\/bspw.xyz\/?page_id=1224"},"modified":"2019-01-03T11:28:25","modified_gmt":"2019-01-03T10:28:25","slug":"teilnahmebedingungen","status":"publish","type":"page","link":"https:\/\/bspw.xyz\/en\/teilnahmebedingungen\/","title":{"rendered":"Teilnahmebedingungen"},"content":{"rendered":"<p><strong>1. Verbindliche Anmeldung<\/strong><\/p>\n<p>Mit Ihrer Anmeldung melden Sie sich verbindlich zu der ausgew\u00e4hlten Veranstaltung an. Sie erhalten von uns eine Anmeldebest\u00e4tigung und die Rechnung \u00fcber die Teilnahmegeb\u00fchr.<\/p>\n<p><strong>2. Widerrufsrecht<\/strong><\/p>\n<p>Sie haben das Recht, binnen 14 Tagen ohne Angabe von Gr\u00fcnden die Anmeldung zu der Veranstaltung zu widerrufen.<\/p>\n<p>Die Widerrufsfrist betr\u00e4gt 14 Tage ab dem Tag, an dem Sie die Best\u00e4tigung zur Teilnahme an der Veranstaltung erhalten haben.<\/p>\n<p>Um Ihr Widerrufsrecht auszu\u00fcben, m\u00fcssen Sie<\/p>\n<p><em>Beispielsweise\/Claire Born &#038; Maren Drewes GbR<\/em><br \/>\n<em>Mittenwalder Str. 12<\/em><br \/>\n<em>10961 Berlin<\/em><br \/>\n<em>Email: team@bspw.xyz<\/em><\/p>\n<p>mittels einer eindeutigen Erkl\u00e4rung (z.B. ein mit der Post versandter Brief oder Email) \u00fcber Ihren Entschluss informieren, die Anmeldung zu der Veranstaltung zu widerrufen.<\/p>\n<p>Zur Wahrung der Widerrufsfrist reicht es aus, dass Sie die Mitteilung \u00fcber die Aus\u00fcbung des Widerrufsrechts vor Ablauf der Widerrufsfrist absenden.<\/p>\n<p><strong>3. Folgen des Widerrufs<\/strong><\/p>\n<p>Wenn Sie die Anmeldung widerrufen, haben wir von Beispielsweise Ihnen alle Zahlungen, die wir von Ihnen erhalten haben unverz\u00fcglich und sp\u00e4testens binnen vierzehn Tagen ab dem Tag zur\u00fcckzuzahlen, an dem die Mitteilung \u00fcber Ihren Widerruf bei uns eingegangen ist. F\u00fcr diese R\u00fcckzahlung verwenden wir dasselbe Zahlungsmittel, das Sie bei der urspr\u00fcnglichen Transaktion eingesetzt haben, es sei denn, mit Ihnen wurde ausdr\u00fccklich etwas anderes vereinbart; in keinem Fall werden Ihnen wegen dieser R\u00fcckzahlung Entgelte berechnet.<\/p>\n<p><strong>4. Stornierungsbedingungen<\/strong><\/p>\n<p>Unsere Stornobedingungen sollen das finanzielle Risiko zwischen unseren Teilnehmer*innen und uns in fairer Weise regeln.<\/p>\n<p>Eine Stornierung von einer Veranstaltung ist generell nur dann rechtswirksam, wenn sie vorab schriftlich erfolgt. Ein kostenfreier R\u00fccktritt von Ihrer Anmeldung ist bis 7 Tage vor Veranstaltungsbeginn m\u00f6glich.\u00a0Ein kostenfreier R\u00fccktritt ist au\u00dferdem m\u00f6glich, wenn Sie eine(n) Ersatzteilnehmer*in verbindlich stellen.<\/p>\n<p>Sollte die Veranstaltung abgesagt werden m\u00fcssen, werden wir Ihnen alle Zahlungen, die wir von Ihnen erhalten haben, unverz\u00fcglich und sp\u00e4testens binnen vierzehn Tagen ab dem Tag, an dem die Veranstaltung abgesagt wurde, zur\u00fcckzahlen. In keinem Fall werden Ihnen wegen dieser R\u00fcckzahlung Entgelte berechnet.<\/p>\n<p><strong>5. Zahlung der Teilnahmegeb\u00fchr<\/strong><\/p>\n<p>Die Teilnahmegeb\u00fchr ist in der auf der Rechnung vermerkten H\u00f6he und Frist, aber sp\u00e4testens vor Beginn der Veranstaltung zu leisten. Ohne Zahlung ist eine Teilnahme an der Veranstaltung nicht m\u00f6glich.<\/p>\n<p><strong>6. Schweigepflicht<\/strong><\/p>\n<p>Alle Teilnehmer*innen verpflichten sich, Informationen \u00fcber die Personen, die sie im Rahmen der Veranstaltungen erhalten haben, streng vertraulich zu behandeln und nicht an Dritte weiterzugeben. Stellt ein\/e Teilnehmer*in w\u00e4hrend einer Veranstaltung oder im Rahmen einer stattfindenden \u00dcbungsgruppe pers\u00f6nliche Informationen\/Beispiele zur Verf\u00fcgung, so erkl\u00e4rt sie\/er sich konkludent damit einverstanden, dass andere Teilnehmer*innen diese Informationen \u00fcber sie\/ihn erfahren.<\/p>\n<p>Ton- und Videoaufnahmen sind w\u00e4hrend der Veranstaltungen nicht gestattet.<\/p>\n<p><strong>7. Teilnahmebescheinigung<\/strong><\/p>\n<p>Eine Teilnahmebescheinigung wird von uns auf Wunsch ausgestellt.<\/p>\n<p style=\"text-align: right;\">Stand: 3.1.2019<\/p>\n<p>&nbsp;<\/p>\n<p>&nbsp;<\/p>\n","protected":false},"excerpt":{"rendered":"<p>1. Verbindliche Anmeldung Mit Ihrer Anmeldung melden Sie sich verbindlich zu der ausgew\u00e4hlten Veranstaltung an. Sie erhalten von uns eine Anmeldebest\u00e4tigung und die Rechnung \u00fcber die Teilnahmegeb\u00fchr. 2. Widerrufsrecht Sie haben das Recht, binnen 14 Tagen ohne Angabe von Gr\u00fcnden die Anmeldung zu der Veranstaltung zu widerrufen. Die Widerrufsfrist betr\u00e4gt 14 Tage ab dem Tag, &#8230;<\/p>\n","protected":false},"author":3,"featured_media":0,"parent":0,"menu_order":0,"comment_status":"closed","ping_status":"closed","template":"","meta":{"_acf_changed":false,"footnotes":""},"class_list":["post-1224","page","type-page","status-publish","hentry","","en","wp-json","wp","v2","pages","1224"],"acf":[],"yoast_head":"<!-- This site is optimized with the Yoast SEO plugin v21.6 - https:\/\/yoast.com\/wordpress\/plugins\/seo\/ -->\n<title>Teilnahmebedingungen &#8902; beispielsweise<\/title>\n<meta name=\"robots\" content=\"noindex, nofollow\" \/>\n<meta property=\"og:locale\" content=\"en_US\" \/>\n<meta property=\"og:locale:alternate\" content=\"de_DE\" \/>\n<meta property=\"og:type\" content=\"article\" \/>\n<meta property=\"og:title\" content=\"Teilnahmebedingungen\" \/>\n<meta property=\"og:description\" content=\"1. Verbindliche Anmeldung Mit Ihrer Anmeldung melden Sie sich verbindlich zu der ausgew\u00e4hlten Veranstaltung an. Sie erhalten von uns eine Anmeldebest\u00e4tigung und die Rechnung \u00fcber die Teilnahmegeb\u00fchr. 2. Widerrufsrecht Sie haben das Recht, binnen 14 Tagen ohne Angabe von Gr\u00fcnden die Anmeldung zu der Veranstaltung zu widerrufen. Die Widerrufsfrist betr\u00e4gt 14 Tage ab dem Tag, ...\" \/>\n<meta property=\"og:url\" content=\"https:\/\/bspw.xyz\/en\/teilnahmebedingungen\/\" \/>\n<meta property=\"og:site_name\" content=\"beispielsweise\" \/>\n<meta property=\"article:modified_time\" content=\"2019-01-03T10:28:25+00:00\" \/>\n<meta name=\"twitter:card\" content=\"summary_large_image\" \/>\n<meta name=\"twitter:label1\" content=\"Est. reading time\" \/>\n\t<meta name=\"twitter:data1\" content=\"3 minutes\" \/>\n<script type=\"application\/ld+json\" class=\"yoast-schema-graph\">{\"@context\":\"https:\/\/schema.org\",\"@graph\":[{\"@type\":\"WebPage\",\"@id\":\"https:\/\/bspw.xyz\/en\/teilnahmebedingungen\/\",\"url\":\"https:\/\/bspw.xyz\/en\/teilnahmebedingungen\/\",\"name\":\"Teilnahmebedingungen\",\"isPartOf\":{\"@id\":\"https:\/\/bspw.xyz\/#website\"},\"datePublished\":\"2019-01-03T09:49:07+00:00\",\"dateModified\":\"2019-01-03T10:28:25+00:00\",\"breadcrumb\":{\"@id\":\"https:\/\/bspw.xyz\/en\/teilnahmebedingungen\/#breadcrumb\"},\"inLanguage\":\"en-US\",\"potentialAction\":[{\"@type\":\"ReadAction\",\"target\":[\"https:\/\/bspw.xyz\/en\/teilnahmebedingungen\/\"]}]},{\"@type\":\"BreadcrumbList\",\"@id\":\"https:\/\/bspw.xyz\/en\/teilnahmebedingungen\/#breadcrumb\",\"itemListElement\":[{\"@type\":\"ListItem\",\"position\":1,\"name\":\"Startseite\",\"item\":\"https:\/\/bspw.xyz\/en\/\"},{\"@type\":\"ListItem\",\"position\":2,\"name\":\"Teilnahmebedingungen\"}]},{\"@type\":\"WebSite\",\"@id\":\"https:\/\/bspw.xyz\/#website\",\"url\":\"https:\/\/bspw.xyz\/\",\"name\":\"beispielsweise\",\"description\":\"Think Changing Thinking Change\",\"publisher\":{\"@id\":\"https:\/\/bspw.xyz\/#organization\"},\"potentialAction\":[{\"@type\":\"SearchAction\",\"target\":{\"@type\":\"EntryPoint\",\"urlTemplate\":\"https:\/\/bspw.xyz\/?s={search_term_string}\"},\"query-input\":\"required name=search_term_string\"}],\"inLanguage\":\"en-US\"},{\"@type\":\"Organization\",\"@id\":\"https:\/\/bspw.xyz\/#organization\",\"name\":\"beispielsweise\",\"url\":\"https:\/\/bspw.xyz\/\",\"logo\":{\"@type\":\"ImageObject\",\"inLanguage\":\"en-US\",\"@id\":\"https:\/\/bspw.xyz\/#\/schema\/logo\/image\/\",\"url\":\"https:\/\/bspw.xyz\/wp-content\/uploads\/BSPW_2018-03-27__Logo_ohne_Slogan_SMALL.jpg\",\"contentUrl\":\"https:\/\/bspw.xyz\/wp-content\/uploads\/BSPW_2018-03-27__Logo_ohne_Slogan_SMALL.jpg\",\"width\":149,\"height\":47,\"caption\":\"beispielsweise\"},\"image\":{\"@id\":\"https:\/\/bspw.xyz\/#\/schema\/logo\/image\/\"}}]}<\/script>\n<!-- \/ Yoast SEO plugin. -->","yoast_head_json":{"title":"Teilnahmebedingungen &#8902; beispielsweise","robots":{"index":"noindex","follow":"nofollow"},"og_locale":"en_US","og_type":"article","og_title":"[:de]Teilnahmebedingungen[:] &#8902; beispielsweise","og_description":"1. Verbindliche Anmeldung Mit Ihrer Anmeldung melden Sie sich verbindlich zu der ausgew\u00e4hlten Veranstaltung an. Sie erhalten von uns eine Anmeldebest\u00e4tigung und die Rechnung \u00fcber die Teilnahmegeb\u00fchr. 2. Widerrufsrecht Sie haben das Recht, binnen 14 Tagen ohne Angabe von Gr\u00fcnden die Anmeldung zu der Veranstaltung zu widerrufen. Die Widerrufsfrist betr\u00e4gt 14 Tage ab dem Tag, ...","og_url":"https:\/\/bspw.xyz\/en\/teilnahmebedingungen\/","og_site_name":"beispielsweise","article_modified_time":"2019-01-03T10:28:25+00:00","twitter_card":"summary_large_image","twitter_misc":{"Est. reading time":"3 minutes"},"schema":{"@context":"https:\/\/schema.org","@graph":[{"@type":"WebPage","@id":"https:\/\/bspw.xyz\/en\/teilnahmebedingungen\/","url":"https:\/\/bspw.xyz\/en\/teilnahmebedingungen\/","name":"Teilnahmebedingungen","isPartOf":{"@id":"https:\/\/bspw.xyz\/#website"},"datePublished":"2019-01-03T09:49:07+00:00","dateModified":"2019-01-03T10:28:25+00:00","breadcrumb":{"@id":"https:\/\/bspw.xyz\/en\/teilnahmebedingungen\/#breadcrumb"},"inLanguage":"en-US","potentialAction":[{"@type":"ReadAction","target":["https:\/\/bspw.xyz\/en\/teilnahmebedingungen\/"]}]},{"@type":"BreadcrumbList","@id":"https:\/\/bspw.xyz\/en\/teilnahmebedingungen\/#breadcrumb","itemListElement":[{"@type":"ListItem","position":1,"name":"Startseite","item":"https:\/\/bspw.xyz\/en\/"},{"@type":"ListItem","position":2,"name":"Teilnahmebedingungen"}]},{"@type":"WebSite","@id":"https:\/\/bspw.xyz\/#website","url":"https:\/\/bspw.xyz\/","name":"beispielsweise","description":"Think Changing Thinking Change","publisher":{"@id":"https:\/\/bspw.xyz\/#organization"},"potentialAction":[{"@type":"SearchAction","target":{"@type":"EntryPoint","urlTemplate":"https:\/\/bspw.xyz\/?s={search_term_string}"},"query-input":"required name=search_term_string"}],"inLanguage":"en-US"},{"@type":"Organization","@id":"https:\/\/bspw.xyz\/#organization","name":"beispielsweise","url":"https:\/\/bspw.xyz\/","logo":{"@type":"ImageObject","inLanguage":"en-US","@id":"https:\/\/bspw.xyz\/#\/schema\/logo\/image\/","url":"https:\/\/bspw.xyz\/wp-content\/uploads\/BSPW_2018-03-27__Logo_ohne_Slogan_SMALL.jpg","contentUrl":"https:\/\/bspw.xyz\/wp-content\/uploads\/BSPW_2018-03-27__Logo_ohne_Slogan_SMALL.jpg","width":149,"height":47,"caption":"beispielsweise"},"image":{"@id":"https:\/\/bspw.xyz\/#\/schema\/logo\/image\/"}}]}},"_links":{"self":[{"href":"https:\/\/bspw.xyz\/en\/wp-json\/wp\/v2\/pages\/1224","targetHints":{"allow":["GET"]}}],"collection":[{"href":"https:\/\/bspw.xyz\/en\/wp-json\/wp\/v2\/pages"}],"about":[{"href":"https:\/\/bspw.xyz\/en\/wp-json\/wp\/v2\/types\/page"}],"author":[{"embeddable":true,"href":"https:\/\/bspw.xyz\/en\/wp-json\/wp\/v2\/users\/3"}],"replies":[{"embeddable":true,"href":"https:\/\/bspw.xyz\/en\/wp-json\/wp\/v2\/comments?post=1224"}],"version-history":[{"count":12,"href":"https:\/\/bspw.xyz\/en\/wp-json\/wp\/v2\/pages\/1224\/revisions"}],"predecessor-version":[{"id":1233,"href":"https:\/\/bspw.xyz\/en\/wp-json\/wp\/v2\/pages\/1224\/revisions\/1233"}],"wp:attachment":[{"href":"https:\/\/bspw.xyz\/en\/wp-json\/wp\/v2\/media?parent=1224"}],"curies":[{"name":"wp","href":"https:\/\/api.w.org\/{rel}","templated":true}]}}