{"id":193,"date":"2018-03-12T15:58:14","date_gmt":"2018-03-12T14:58:14","guid":{"rendered":"https:\/\/bspw.xyz\/?page_id=193"},"modified":"2021-01-26T10:32:48","modified_gmt":"2021-01-26T09:32:48","slug":"impressum","status":"publish","type":"page","link":"https:\/\/bspw.xyz\/en\/impressum\/","title":{"rendered":"Imprint"},"content":{"rendered":"<p><strong>Verantwortlich<em> (Diensteanbieter)<\/em> im Sinne des Presserechts<\/strong><br \/>\n<strong>und des Telemediengesetzes <em>(<span class=\"caps\">TMG<\/span>)<\/em>:<\/strong><\/p>\n<p>Claire Born &#038; Maren Drewes GbR<br \/>\nMittenwalder Str. 12<\/p>\n<p>10961 Berlin<\/p>\n<p>Email: team@bspw.xyz<\/p>\n<p>Telefon:\u00a00049 \u2013 30 \u2013 12 05 93 49<\/p>\n<p><strong>Umsetzung und Support<\/strong><\/p>\n<p>Marcus Rose<\/p>\n<p><strong>Fotos<\/strong><\/p>\n<p>Max H\u00e4ger<\/p>\n<p>www.mhaegerson.myportfolio.com<\/p>\n<p><strong>Links<\/strong><\/p>\n<p>Trotz sorgf\u00e4ltiger inhaltlicher Kontrolle \u00fcbernehmen wir keine Haftung f\u00fcr die Inhalte externer Links. F\u00fcr den Inhalt der verlinkten Seiten sind ausschlie\u00dflich deren Betreiber verantwortlich. Die aufgef\u00fchrten Inhalte des Angebots wurden mit gro\u00dfer Sorgfalt zusammengestellt und gepr\u00fcft. Allerdings kann keine Gew\u00e4hr f\u00fcr die Vollst\u00e4ndigkeit oder Aktualit\u00e4t geleistet werden.<\/p>\n","protected":false},"excerpt":{"rendered":"<p>Verantwortlich (Diensteanbieter) im Sinne des Presserechts und des Telemediengesetzes (TMG): Claire Born &#038; Maren Drewes GbR Mittenwalder Str. 12 10961 Berlin Email: team@bspw.xyz Telefon:\u00a00049 \u2013 30 \u2013 12 05 93 49 Umsetzung und Support Marcus Rose Fotos Max H\u00e4ger www.mhaegerson.myportfolio.com Links Trotz sorgf\u00e4ltiger inhaltlicher Kontrolle \u00fcbernehmen wir keine Haftung f\u00fcr die Inhalte externer Links. F\u00fcr &#8230;<\/p>\n","protected":false},"author":3,"featured_media":0,"parent":0,"menu_order":0,"comment_status":"closed","ping_status":"closed","template":"","meta":{"_acf_changed":false,"footnotes":""},"class_list":["post-193","page","type-page","status-publish","hentry","","en","wp-json","wp","v2","pages","193"],"acf":[],"yoast_head":"<!-- This site is optimized with the Yoast SEO plugin v21.6 - https:\/\/yoast.com\/wordpress\/plugins\/seo\/ -->\n<title>Imprint &#8902; beispielsweise<\/title>\n<meta name=\"robots\" content=\"noindex, follow\" \/>\n<meta property=\"og:locale\" content=\"en_US\" \/>\n<meta property=\"og:locale:alternate\" content=\"de_DE\" \/>\n<meta property=\"og:type\" content=\"article\" \/>\n<meta property=\"og:title\" content=\"Imprint\" \/>\n<meta property=\"og:description\" content=\"Verantwortlich (Diensteanbieter) im Sinne des Presserechts und des Telemediengesetzes (TMG): Claire Born &amp; Maren Drewes GbR Mittenwalder Str. 12 10961 Berlin Email: team@bspw.xyz Telefon:\u00a00049 \u2013 30 \u2013 12 05 93 49 Umsetzung und Support Marcus Rose Fotos Max H\u00e4ger www.mhaegerson.myportfolio.com Links Trotz sorgf\u00e4ltiger inhaltlicher Kontrolle \u00fcbernehmen wir keine Haftung f\u00fcr die Inhalte externer Links. F\u00fcr ...\" \/>\n<meta property=\"og:url\" content=\"https:\/\/bspw.xyz\/en\/impressum\/\" \/>\n<meta property=\"og:site_name\" content=\"beispielsweise\" \/>\n<meta property=\"article:modified_time\" content=\"2021-01-26T09:32:48+00:00\" \/>\n<meta name=\"twitter:card\" content=\"summary_large_image\" \/>\n<meta name=\"twitter:label1\" content=\"Est. reading time\" \/>\n\t<meta name=\"twitter:data1\" content=\"1 minute\" \/>\n<script type=\"application\/ld+json\" class=\"yoast-schema-graph\">{\"@context\":\"https:\/\/schema.org\",\"@graph\":[{\"@type\":\"WebPage\",\"@id\":\"https:\/\/bspw.xyz\/impressum\/\",\"url\":\"https:\/\/bspw.xyz\/impressum\/\",\"name\":\"Imprint\",\"isPartOf\":{\"@id\":\"https:\/\/bspw.xyz\/#website\"},\"datePublished\":\"2018-03-12T14:58:14+00:00\",\"dateModified\":\"2021-01-26T09:32:48+00:00\",\"breadcrumb\":{\"@id\":\"https:\/\/bspw.xyz\/impressum\/#breadcrumb\"},\"inLanguage\":\"en-US\",\"potentialAction\":[{\"@type\":\"ReadAction\",\"target\":[\"https:\/\/bspw.xyz\/impressum\/\"]}]},{\"@type\":\"BreadcrumbList\",\"@id\":\"https:\/\/bspw.xyz\/impressum\/#breadcrumb\",\"itemListElement\":[{\"@type\":\"ListItem\",\"position\":1,\"name\":\"Startseite\",\"item\":\"https:\/\/bspw.xyz\/en\/\"},{\"@type\":\"ListItem\",\"position\":2,\"name\":\"Impressum\"}]},{\"@type\":\"WebSite\",\"@id\":\"https:\/\/bspw.xyz\/#website\",\"url\":\"https:\/\/bspw.xyz\/\",\"name\":\"beispielsweise\",\"description\":\"Think Changing Thinking Change\",\"publisher\":{\"@id\":\"https:\/\/bspw.xyz\/#organization\"},\"potentialAction\":[{\"@type\":\"SearchAction\",\"target\":{\"@type\":\"EntryPoint\",\"urlTemplate\":\"https:\/\/bspw.xyz\/?s={search_term_string}\"},\"query-input\":\"required name=search_term_string\"}],\"inLanguage\":\"en-US\"},{\"@type\":\"Organization\",\"@id\":\"https:\/\/bspw.xyz\/#organization\",\"name\":\"beispielsweise\",\"url\":\"https:\/\/bspw.xyz\/\",\"logo\":{\"@type\":\"ImageObject\",\"inLanguage\":\"en-US\",\"@id\":\"https:\/\/bspw.xyz\/#\/schema\/logo\/image\/\",\"url\":\"https:\/\/bspw.xyz\/wp-content\/uploads\/BSPW_2018-03-27__Logo_ohne_Slogan_SMALL.jpg\",\"contentUrl\":\"https:\/\/bspw.xyz\/wp-content\/uploads\/BSPW_2018-03-27__Logo_ohne_Slogan_SMALL.jpg\",\"width\":149,\"height\":47,\"caption\":\"beispielsweise\"},\"image\":{\"@id\":\"https:\/\/bspw.xyz\/#\/schema\/logo\/image\/\"}}]}<\/script>\n<!-- \/ Yoast SEO plugin. -->","yoast_head_json":{"title":"Imprint &#8902; beispielsweise","robots":{"index":"noindex","follow":"follow"},"og_locale":"en_US","og_type":"article","og_title":"[:de]Impressum[:en]Imprint[:] &#8902; beispielsweise","og_description":"Verantwortlich (Diensteanbieter) im Sinne des Presserechts und des Telemediengesetzes (TMG): Claire Born &#038; Maren Drewes GbR Mittenwalder Str. 12 10961 Berlin Email: team@bspw.xyz Telefon:\u00a00049 \u2013 30 \u2013 12 05 93 49 Umsetzung und Support Marcus Rose Fotos Max H\u00e4ger www.mhaegerson.myportfolio.com Links Trotz sorgf\u00e4ltiger inhaltlicher Kontrolle \u00fcbernehmen wir keine Haftung f\u00fcr die Inhalte externer Links. F\u00fcr ...","og_url":"https:\/\/bspw.xyz\/en\/impressum\/","og_site_name":"beispielsweise","article_modified_time":"2021-01-26T09:32:48+00:00","twitter_card":"summary_large_image","twitter_misc":{"Est. reading time":"1 minute"},"schema":{"@context":"https:\/\/schema.org","@graph":[{"@type":"WebPage","@id":"https:\/\/bspw.xyz\/impressum\/","url":"https:\/\/bspw.xyz\/impressum\/","name":"Imprint","isPartOf":{"@id":"https:\/\/bspw.xyz\/#website"},"datePublished":"2018-03-12T14:58:14+00:00","dateModified":"2021-01-26T09:32:48+00:00","breadcrumb":{"@id":"https:\/\/bspw.xyz\/impressum\/#breadcrumb"},"inLanguage":"en-US","potentialAction":[{"@type":"ReadAction","target":["https:\/\/bspw.xyz\/impressum\/"]}]},{"@type":"BreadcrumbList","@id":"https:\/\/bspw.xyz\/impressum\/#breadcrumb","itemListElement":[{"@type":"ListItem","position":1,"name":"Startseite","item":"https:\/\/bspw.xyz\/en\/"},{"@type":"ListItem","position":2,"name":"Impressum"}]},{"@type":"WebSite","@id":"https:\/\/bspw.xyz\/#website","url":"https:\/\/bspw.xyz\/","name":"beispielsweise","description":"Think Changing Thinking Change","publisher":{"@id":"https:\/\/bspw.xyz\/#organization"},"potentialAction":[{"@type":"SearchAction","target":{"@type":"EntryPoint","urlTemplate":"https:\/\/bspw.xyz\/?s={search_term_string}"},"query-input":"required name=search_term_string"}],"inLanguage":"en-US"},{"@type":"Organization","@id":"https:\/\/bspw.xyz\/#organization","name":"beispielsweise","url":"https:\/\/bspw.xyz\/","logo":{"@type":"ImageObject","inLanguage":"en-US","@id":"https:\/\/bspw.xyz\/#\/schema\/logo\/image\/","url":"https:\/\/bspw.xyz\/wp-content\/uploads\/BSPW_2018-03-27__Logo_ohne_Slogan_SMALL.jpg","contentUrl":"https:\/\/bspw.xyz\/wp-content\/uploads\/BSPW_2018-03-27__Logo_ohne_Slogan_SMALL.jpg","width":149,"height":47,"caption":"beispielsweise"},"image":{"@id":"https:\/\/bspw.xyz\/#\/schema\/logo\/image\/"}}]}},"_links":{"self":[{"href":"https:\/\/bspw.xyz\/en\/wp-json\/wp\/v2\/pages\/193","targetHints":{"allow":["GET"]}}],"collection":[{"href":"https:\/\/bspw.xyz\/en\/wp-json\/wp\/v2\/pages"}],"about":[{"href":"https:\/\/bspw.xyz\/en\/wp-json\/wp\/v2\/types\/page"}],"author":[{"embeddable":true,"href":"https:\/\/bspw.xyz\/en\/wp-json\/wp\/v2\/users\/3"}],"replies":[{"embeddable":true,"href":"https:\/\/bspw.xyz\/en\/wp-json\/wp\/v2\/comments?post=193"}],"version-history":[{"count":28,"href":"https:\/\/bspw.xyz\/en\/wp-json\/wp\/v2\/pages\/193\/revisions"}],"predecessor-version":[{"id":1727,"href":"https:\/\/bspw.xyz\/en\/wp-json\/wp\/v2\/pages\/193\/revisions\/1727"}],"wp:attachment":[{"href":"https:\/\/bspw.xyz\/en\/wp-json\/wp\/v2\/media?parent=193"}],"curies":[{"name":"wp","href":"https:\/\/api.w.org\/{rel}","templated":true}]}}